{"id":1508,"date":"2019-04-04T14:02:35","date_gmt":"2019-04-04T14:02:35","guid":{"rendered":"http:\/\/wp.kleintierpraxis-voelkert.de\/?page_id=1508"},"modified":"2025-06-18T12:40:57","modified_gmt":"2025-06-18T12:40:57","slug":"impressum","status":"publish","type":"page","link":"https:\/\/kleintierpraxis-voelkert.de\/?page_id=1508","title":{"rendered":"Impressum"},"content":{"rendered":"\t\t<div data-elementor-type=\"wp-page\" data-elementor-id=\"1508\" class=\"elementor elementor-1508\">\n\t\t\t\t\t\t<section class=\"elementor-section elementor-top-section elementor-element elementor-element-2ef58fca elementor-section-boxed elementor-section-height-default elementor-section-height-default\" data-id=\"2ef58fca\" data-element_type=\"section\" data-e-type=\"section\" data-settings=\"{&quot;background_background&quot;:&quot;classic&quot;}\">\n\t\t\t\t\t\t<div class=\"elementor-container elementor-column-gap-default\">\n\t\t\t\t\t<div class=\"elementor-column elementor-col-100 elementor-top-column elementor-element elementor-element-2cc1d0b7\" data-id=\"2cc1d0b7\" data-element_type=\"column\" data-e-type=\"column\">\n\t\t\t<div class=\"elementor-widget-wrap elementor-element-populated\">\n\t\t\t\t\t\t<div class=\"elementor-element elementor-element-3b939faf elementor-widget elementor-widget-text-editor\" data-id=\"3b939faf\" data-element_type=\"widget\" data-e-type=\"widget\" data-widget_type=\"text-editor.default\">\n\t\t\t\t<div class=\"elementor-widget-container\">\n\t\t\t\t\t\t\t\t\t<p>Kleintierpraxis A. V\u00f6lkert | Tel: <a href=\"tel:025715809730\"><span style=\"color: #fffff;\">02571\/580 97-30<\/span><\/a> | Am Eggenkamp 21 | 48268 Greven | E-Mail: <a href=\"mailto:info@kleintierpraxis-voelkert.de\"> <span style=\"color: #fffff;\">info@kleintierpraxis-voelkert.de <\/span><\/a><\/p>\t\t\t\t\t\t\t\t<\/div>\n\t\t\t\t<\/div>\n\t\t\t\t\t<\/div>\n\t\t<\/div>\n\t\t\t\t\t<\/div>\n\t\t<\/section>\n\t\t\t\t<section class=\"elementor-section elementor-top-section elementor-element elementor-element-40dbb700 elementor-section-boxed elementor-section-height-default elementor-section-height-default\" data-id=\"40dbb700\" data-element_type=\"section\" data-e-type=\"section\">\n\t\t\t\t\t\t<div class=\"elementor-container elementor-column-gap-default\">\n\t\t\t\t\t<div class=\"elementor-column elementor-col-100 elementor-top-column elementor-element elementor-element-456bf62a\" data-id=\"456bf62a\" data-element_type=\"column\" data-e-type=\"column\">\n\t\t\t<div class=\"elementor-widget-wrap elementor-element-populated\">\n\t\t\t\t\t\t<div class=\"elementor-element elementor-element-dae3f42 elementor-widget elementor-widget-image\" data-id=\"dae3f42\" data-element_type=\"widget\" data-e-type=\"widget\" data-widget_type=\"image.default\">\n\t\t\t\t<div class=\"elementor-widget-container\">\n\t\t\t\t\t\t\t\t\t\t\t\t\t\t\t\t<a href=\"https:\/\/kleintierpraxis-voelkert.de\/\">\n\t\t\t\t\t\t\t<img decoding=\"async\" width=\"320\" height=\"72\" src=\"https:\/\/kleintierpraxis-voelkert.de\/wp-content\/uploads\/2023\/11\/Unbenannt-1-1-320x72.png\" class=\"attachment-medium size-medium wp-image-2091\" alt=\"\" srcset=\"https:\/\/kleintierpraxis-voelkert.de\/wp-content\/uploads\/2023\/11\/Unbenannt-1-1-320x72.png 320w, https:\/\/kleintierpraxis-voelkert.de\/wp-content\/uploads\/2023\/11\/Unbenannt-1-1-768x173.png 768w, https:\/\/kleintierpraxis-voelkert.de\/wp-content\/uploads\/2023\/11\/Unbenannt-1-1-540x121.png 540w, https:\/\/kleintierpraxis-voelkert.de\/wp-content\/uploads\/2023\/11\/Unbenannt-1-1.png 1010w\" sizes=\"(max-width: 320px) 100vw, 320px\" style=\"width:100%;height:22.48%;max-width:1010px\" \/>\t\t\t\t\t\t\t\t<\/a>\n\t\t\t\t\t\t\t\t\t\t\t\t\t\t\t<\/div>\n\t\t\t\t<\/div>\n\t\t\t\t<div class=\"elementor-element elementor-element-4c5991fc elementor-widget elementor-widget-text-editor\" data-id=\"4c5991fc\" data-element_type=\"widget\" data-e-type=\"widget\" data-widget_type=\"text-editor.default\">\n\t\t\t\t<div class=\"elementor-widget-container\">\n\t\t\t\t\t\t\t\t\t<p><br><\/p>\n<p><b>Betreiber dieser Internetpr\u00e4senz und inhaltlich verantwortlich:<\/b><br>Kleintierpraxis A. V\u00f6lkert<\/p><p>Am Eggenkamp 21<\/p><p>48268 Greven<\/p>\n<p><b><br><\/b><\/p>\n<p><b>Berufsbezeichnung:<\/b><br>Tierarzt \u2212 Approbation erworben in der Bundesrepublik Deutschland<\/p>\n<p><b><br><\/b><\/p>\n<p><b>Zust\u00e4ndige Tier\u00e4rztekammer:<\/b><br>Tier\u00e4rztekammer Westfalen-Lippe | Goebenstr. 50 | 48151 M\u00fcnster<\/p>\n<p><b><br><\/b><\/p>\n<p><b>Berufshaftpflicht:<\/b><br>Continentale Sachversicherung, 44119 Dortmund<\/p>\n<p><b><br><\/b><\/p>\n<p><b>Geb\u00fchren:<\/b><br>Es gilt die Geb\u00fchrenordnung f\u00fcr Tier\u00e4rzte (GOT) vom 22. November 2022 mit<br>Geb\u00fchrens\u00e4tzen nach 2. Verordnung zur \u00c4nderung der GOT vom 30.06.2008.<\/p>\n<p><b><br><\/b><\/p>\n<p><b>Haftungsausschluss:<\/b><br>Es wird keine Garantie daf\u00fcr \u00fcbernommen, dass alle Angaben zu jeder Zeit vollst\u00e4ndig, richtig und in letzter Aktualit\u00e4t dargestellt sind. Dies gilt insbesondere f\u00fcr alle Links zu anderen Webseiten, auf die direkt oder indirekt verwiesen wird.<\/p>\n<p><br><\/p>\t\t\t\t\t\t\t\t<\/div>\n\t\t\t\t<\/div>\n\t\t\t\t\t<\/div>\n\t\t<\/div>\n\t\t\t\t\t<\/div>\n\t\t<\/section>\n\t\t\t\t<section class=\"elementor-section elementor-top-section elementor-element elementor-element-7c6b0a45 elementor-section-boxed elementor-section-height-default elementor-section-height-default\" data-id=\"7c6b0a45\" data-element_type=\"section\" data-e-type=\"section\" id=\"kontakt\" data-settings=\"{&quot;background_background&quot;:&quot;classic&quot;}\">\n\t\t\t\t\t\t<div class=\"elementor-container elementor-column-gap-default\">\n\t\t\t\t\t<div class=\"elementor-column elementor-col-50 elementor-top-column elementor-element elementor-element-748a2834\" data-id=\"748a2834\" data-element_type=\"column\" data-e-type=\"column\">\n\t\t\t<div class=\"elementor-widget-wrap elementor-element-populated\">\n\t\t\t\t\t\t<div class=\"elementor-element elementor-element-274cdbac elementor-widget elementor-widget-spacer\" data-id=\"274cdbac\" data-element_type=\"widget\" data-e-type=\"widget\" data-widget_type=\"spacer.default\">\n\t\t\t\t<div class=\"elementor-widget-container\">\n\t\t\t\t\t\t\t<div class=\"elementor-spacer\">\n\t\t\t<div class=\"elementor-spacer-inner\"><\/div>\n\t\t<\/div>\n\t\t\t\t\t\t<\/div>\n\t\t\t\t<\/div>\n\t\t\t\t<div class=\"elementor-element elementor-element-488da25 elementor-widget elementor-widget-image\" data-id=\"488da25\" data-element_type=\"widget\" data-e-type=\"widget\" data-widget_type=\"image.default\">\n\t\t\t\t<div class=\"elementor-widget-container\">\n\t\t\t\t\t\t\t\t\t\t\t\t\t\t\t\t<a href=\"#top\">\n\t\t\t\t\t\t\t<img decoding=\"async\" width=\"320\" height=\"72\" src=\"https:\/\/kleintierpraxis-voelkert.de\/wp-content\/uploads\/2023\/11\/log-320x72.png\" class=\"attachment-medium size-medium wp-image-2124\" alt=\"\" srcset=\"https:\/\/kleintierpraxis-voelkert.de\/wp-content\/uploads\/2023\/11\/log-320x72.png 320w, https:\/\/kleintierpraxis-voelkert.de\/wp-content\/uploads\/2023\/11\/log-768x173.png 768w, https:\/\/kleintierpraxis-voelkert.de\/wp-content\/uploads\/2023\/11\/log-540x121.png 540w, https:\/\/kleintierpraxis-voelkert.de\/wp-content\/uploads\/2023\/11\/log.png 1010w\" sizes=\"(max-width: 320px) 100vw, 320px\" style=\"width:100%;height:22.48%;max-width:1010px\" \/>\t\t\t\t\t\t\t\t<\/a>\n\t\t\t\t\t\t\t\t\t\t\t\t\t\t\t<\/div>\n\t\t\t\t<\/div>\n\t\t\t\t<div class=\"elementor-element elementor-element-351b0ccc elementor-widget elementor-widget-spacer\" data-id=\"351b0ccc\" data-element_type=\"widget\" data-e-type=\"widget\" data-widget_type=\"spacer.default\">\n\t\t\t\t<div class=\"elementor-widget-container\">\n\t\t\t\t\t\t\t<div class=\"elementor-spacer\">\n\t\t\t<div class=\"elementor-spacer-inner\"><\/div>\n\t\t<\/div>\n\t\t\t\t\t\t<\/div>\n\t\t\t\t<\/div>\n\t\t\t\t<div class=\"elementor-element elementor-element-5ad1ea54 elementor-widget elementor-widget-text-editor\" data-id=\"5ad1ea54\" data-element_type=\"widget\" data-e-type=\"widget\" data-widget_type=\"text-editor.default\">\n\t\t\t\t<div class=\"elementor-widget-container\">\n\t\t\t\t\t\t\t\t\t<p>Kleintierpraxis A. V\u00f6lkert<br \/>Am Eggenkamp 21<br \/>48268 Greven<\/p><p><a>Tel: 02571\/580 97-30<\/a><br \/><a href=\"mailto:info@kleintierpraxis-voelkert.de\">info@kleintierpraxis-voelkert.de<\/a><\/p>\t\t\t\t\t\t\t\t<\/div>\n\t\t\t\t<\/div>\n\t\t\t\t<div class=\"elementor-element elementor-element-49d5bf1 elementor-widget elementor-widget-spacer\" data-id=\"49d5bf1\" data-element_type=\"widget\" data-e-type=\"widget\" data-widget_type=\"spacer.default\">\n\t\t\t\t<div class=\"elementor-widget-container\">\n\t\t\t\t\t\t\t<div class=\"elementor-spacer\">\n\t\t\t<div class=\"elementor-spacer-inner\"><\/div>\n\t\t<\/div>\n\t\t\t\t\t\t<\/div>\n\t\t\t\t<\/div>\n\t\t\t\t\t<\/div>\n\t\t<\/div>\n\t\t\t\t<div class=\"elementor-column elementor-col-50 elementor-top-column elementor-element elementor-element-2f4fd498\" data-id=\"2f4fd498\" data-element_type=\"column\" data-e-type=\"column\">\n\t\t\t<div class=\"elementor-widget-wrap elementor-element-populated\">\n\t\t\t\t\t\t<div class=\"elementor-element elementor-element-21c5967c elementor-widget elementor-widget-spacer\" data-id=\"21c5967c\" data-element_type=\"widget\" data-e-type=\"widget\" data-widget_type=\"spacer.default\">\n\t\t\t\t<div class=\"elementor-widget-container\">\n\t\t\t\t\t\t\t<div class=\"elementor-spacer\">\n\t\t\t<div class=\"elementor-spacer-inner\"><\/div>\n\t\t<\/div>\n\t\t\t\t\t\t<\/div>\n\t\t\t\t<\/div>\n\t\t\t\t<div class=\"elementor-element elementor-element-7bc727ae elementor-widget elementor-widget-heading\" data-id=\"7bc727ae\" data-element_type=\"widget\" data-e-type=\"widget\" data-widget_type=\"heading.default\">\n\t\t\t\t<div class=\"elementor-widget-container\">\n\t\t\t\t\t<h2 class=\"elementor-heading-title elementor-size-default\">SPRECHSTUNDEN<\/h2>\t\t\t\t<\/div>\n\t\t\t\t<\/div>\n\t\t\t\t<div class=\"elementor-element elementor-element-28fe92bc elementor-widget elementor-widget-text-editor\" data-id=\"28fe92bc\" data-element_type=\"widget\" data-e-type=\"widget\" data-widget_type=\"text-editor.default\">\n\t\t\t\t<div class=\"elementor-widget-container\">\n\t\t\t\t\t\t\t\t\t<table><tbody><tr><td>MO<\/td><td>10.30 \u2013 12.00, 14.30 \u2013 16.00 Uhr<\/td><\/tr><tr><td>DI<\/td><td>10.30 \u2013 12.00, 18.00 \u2013 19.30 Uhr<\/td><\/tr><tr><td>MI<\/td><td>10.30 \u2013 12.00 Uhr<\/td><\/tr><tr><td>DO<\/td><td>10.30 \u2013 12.00, 18.00 \u2013 19.30 Uhr<\/td><\/tr><tr><td>FR<\/td><td>10.30 \u2013 12.00, 14.30 \u2013 16.00 Uhr<\/td><\/tr><tr><td>SA<\/td><td>Geschlossen<\/td><\/tr><tr><td>SO<\/td><td>Geschlossen<\/td><\/tr><\/tbody><\/table><p><br \/><strong>NOTRUF<\/strong><\/p><p>In dringenden F\u00e4llen wenden Sie sich tags\u00fcber an die Kollegen und Tierklinik vor Ort, am Wochenende und nachts an die Notrufnummer der Tier\u00e4rzte des Kreises Steinfurt unter <a href=\"tel:02571931088\">02571\/931088<\/a><\/p>\t\t\t\t\t\t\t\t<\/div>\n\t\t\t\t<\/div>\n\t\t\t\t\t<\/div>\n\t\t<\/div>\n\t\t\t\t\t<\/div>\n\t\t<\/section>\n\t\t\t\t<section class=\"elementor-section elementor-top-section elementor-element elementor-element-2fea291c elementor-section-boxed elementor-section-height-default elementor-section-height-default\" data-id=\"2fea291c\" data-element_type=\"section\" data-e-type=\"section\" data-settings=\"{&quot;background_background&quot;:&quot;classic&quot;}\">\n\t\t\t\t\t\t<div class=\"elementor-container elementor-column-gap-default\">\n\t\t\t\t\t<div class=\"elementor-column elementor-col-100 elementor-top-column elementor-element elementor-element-320484bb\" data-id=\"320484bb\" data-element_type=\"column\" data-e-type=\"column\">\n\t\t\t<div class=\"elementor-widget-wrap elementor-element-populated\">\n\t\t\t\t\t\t<div class=\"elementor-element elementor-element-170ef09d elementor-widget elementor-widget-spacer\" data-id=\"170ef09d\" data-element_type=\"widget\" data-e-type=\"widget\" data-widget_type=\"spacer.default\">\n\t\t\t\t<div class=\"elementor-widget-container\">\n\t\t\t\t\t\t\t<div class=\"elementor-spacer\">\n\t\t\t<div class=\"elementor-spacer-inner\"><\/div>\n\t\t<\/div>\n\t\t\t\t\t\t<\/div>\n\t\t\t\t<\/div>\n\t\t\t\t<div class=\"elementor-element elementor-element-58071598 elementor-widget elementor-widget-text-editor\" data-id=\"58071598\" data-element_type=\"widget\" data-e-type=\"widget\" data-widget_type=\"text-editor.default\">\n\t\t\t\t<div class=\"elementor-widget-container\">\n\t\t\t\t\t\t\t\t\t<p><a href=\"https:\/\/kleintierpraxis-voelkert.de\/?page_id=1508\"><span style=\"color: #fffff;\">Impressum<\/span><\/a> | <a href=\"https:\/\/kleintierpraxis-voelkert.de\/?page_id=1503\"><span style=\"color: #fffff;\">Datenschutz<\/span><\/a><\/p>\t\t\t\t\t\t\t\t<\/div>\n\t\t\t\t<\/div>\n\t\t\t\t<div class=\"elementor-element elementor-element-3073a093 elementor-widget elementor-widget-spacer\" data-id=\"3073a093\" data-element_type=\"widget\" data-e-type=\"widget\" data-widget_type=\"spacer.default\">\n\t\t\t\t<div class=\"elementor-widget-container\">\n\t\t\t\t\t\t\t<div class=\"elementor-spacer\">\n\t\t\t<div class=\"elementor-spacer-inner\"><\/div>\n\t\t<\/div>\n\t\t\t\t\t\t<\/div>\n\t\t\t\t<\/div>\n\t\t\t\t\t<\/div>\n\t\t<\/div>\n\t\t\t\t\t<\/div>\n\t\t<\/section>\n\t\t\t\t<\/div>\n\t\t","protected":false},"excerpt":{"rendered":"<p>Kleintierpraxis A. V\u00f6lkert | Tel: 02571\/580 97-30 | Am Eggenkamp 21 | 48268 Greven | E-Mail: info@kleintierpraxis-voelkert.de Betreiber dieser Internetpr\u00e4senz und inhaltlich verantwortlich:Kleintierpraxis A. V\u00f6lkert Am Eggenkamp 21 48268 Greven Berufsbezeichnung:Tierarzt \u2212 Approbation erworben in der Bundesrepublik Deutschland Zust\u00e4ndige Tier\u00e4rztekammer:Tier\u00e4rztekammer Westfalen-Lippe | Goebenstr. 50 | 48151 M\u00fcnster Berufshaftpflicht:Continentale Sachversicherung, 44119 Dortmund Geb\u00fchren:Es gilt die Geb\u00fchrenordnung&hellip; <a class=\"more-link\" href=\"https:\/\/kleintierpraxis-voelkert.de\/?page_id=1508\"><span class=\"screen-reader-text\">Impressum<\/span> weiterlesen<\/a><\/p>\n","protected":false},"author":1,"featured_media":0,"parent":0,"menu_order":0,"comment_status":"closed","ping_status":"closed","template":"elementor_canvas","meta":{"footnotes":""},"class_list":["post-1508","page","type-page","status-publish","hentry","entry"],"_links":{"self":[{"href":"https:\/\/kleintierpraxis-voelkert.de\/index.php?rest_route=\/wp\/v2\/pages\/1508","targetHints":{"allow":["GET"]}}],"collection":[{"href":"https:\/\/kleintierpraxis-voelkert.de\/index.php?rest_route=\/wp\/v2\/pages"}],"about":[{"href":"https:\/\/kleintierpraxis-voelkert.de\/index.php?rest_route=\/wp\/v2\/types\/page"}],"author":[{"embeddable":true,"href":"https:\/\/kleintierpraxis-voelkert.de\/index.php?rest_route=\/wp\/v2\/users\/1"}],"replies":[{"embeddable":true,"href":"https:\/\/kleintierpraxis-voelkert.de\/index.php?rest_route=%2Fwp%2Fv2%2Fcomments&post=1508"}],"version-history":[{"count":10,"href":"https:\/\/kleintierpraxis-voelkert.de\/index.php?rest_route=\/wp\/v2\/pages\/1508\/revisions"}],"predecessor-version":[{"id":2446,"href":"https:\/\/kleintierpraxis-voelkert.de\/index.php?rest_route=\/wp\/v2\/pages\/1508\/revisions\/2446"}],"wp:attachment":[{"href":"https:\/\/kleintierpraxis-voelkert.de\/index.php?rest_route=%2Fwp%2Fv2%2Fmedia&parent=1508"}],"curies":[{"name":"wp","href":"https:\/\/api.w.org\/{rel}","templated":true}]}}